{"id":1154,"date":"2021-03-11T05:27:36","date_gmt":"2021-03-11T05:27:36","guid":{"rendered":"https:\/\/ceoids.com\/?page_id=1154"},"modified":"2021-03-11T05:35:51","modified_gmt":"2021-03-11T05:35:51","slug":"politica-de-privacidad","status":"publish","type":"page","link":"https:\/\/ceoids.com\/index.php\/politica-de-privacidad\/","title":{"rendered":"Pol\u00edtica de privacidad"},"content":{"rendered":"\n<p>De acuerdo a lo dispuesto en la Constituci\u00f3n Pol\u00edtica de Colombia, la Ley 1581 de 2012, el Decreto Reglamentario 1377 de 2013 y dem\u00e1s normas vigentes, se describen las politicas necesarias para el cumplimiento dispuesto por la Ley.<\/p>\n\n\n\n<p>Esta pol\u00edtica se aplicar\u00e1 a nuestros diferentes canales: los clientes finales, los clientes Corporativos, los proveedores, intermediarios y el Sitio Web www.expocolsuministros.com, y cobijar\u00e1 los temas&nbsp;&nbsp;de recolecci\u00f3n, almacenamiento, uso, circulaci\u00f3n, supresi\u00f3n y todas aquellas actividades que constituyan tratamiento de datos personales.<\/p>\n\n\n\n<p>Cualquier usuario que al estar vinculado con nuestra empresa bien sea como cliente, proveedor o intermediario, debe tener en cuenta que al diligenciar sus datos en el formulario de registro y\/o en los diferentes formatos de recolecci\u00f3n de datos personales de nuestro sitio web, autoriza a&nbsp;<strong>CEO INVESTIGACIONES DIGITALES Y SEGURIDAD SAS,&nbsp;<\/strong>para que trate sus datos personales con las siguientes finalidades:<\/p>\n\n\n\n<p>\u2013&nbsp;Cumplir las obligaciones derivadas de las relaciones contractuales y postcontractuales que se llegasen a establecer con el cliente respecto de los productos ofrecidos por Expocol Suministros SAS; otorgarle garant\u00eda sobre productos adquiridos cuando ello proceda; e informarle sobre condiciones comerciales y servicios postventa, entre otras acciones derivadas del negocio realizado. Efectuar encuestas de satisfacci\u00f3n respecto de los bienes y servicios de la Empresa, as\u00ed como de sus aliados comerciales.<\/p>\n\n\n\n<p>\u2013&nbsp;Realizar acciones de inteligencia de negocios, creaci\u00f3n de ofertas a la medida, investigaci\u00f3n y tendencias de mercado; identificar trazabilidad y patrones de consumo con fines estad\u00edsticos; entendimiento de perfiles y rutas de navegaci\u00f3n.<\/p>\n\n\n\n<p>\u2013&nbsp;Suministrar informaci\u00f3n de contacto y documentos pertinentes a la fuerza comercial y\/o red de distribuci\u00f3n, telemercadeo, investigaci\u00f3n de mercados y cualquier tercero con el cual la Empresa posea un v\u00ednculo contractual de cualquier \u00edndole.<\/p>\n\n\n\n<p>\u2013&nbsp;Transferir los datos personales, dentro del pa\u00eds, a terceros a consecuencia de un contrato, ley o v\u00ednculo comercial legal que as\u00ed lo requiera.&nbsp;<\/p>\n\n\n\n<p>\u2013&nbsp;Contactar al cliente a trav\u00e9s de diversos canales f\u00edsicos y electr\u00f3nicos, como pueden ser volantes, contacto telef\u00f3nico, mensajes de texto, correo electr\u00f3nico, para invitarlo a participar del programa de lealtad; comunicarle promociones y publicidad sobre productos, bienes y servicios, as\u00ed como enviarle obsequios por campa\u00f1as publicitarias, e invitaciones a eventos de inter\u00e9s relacionados.<\/p>\n\n\n\n<p>\u2013&nbsp;En los canales de Marketplace, proporcionar los datos de identificaci\u00f3n, ubicaci\u00f3n y contacto a los vendedores (pasarelas de pago) de dicho canal con el objetivo de que las transacciones puedan llevarse a cabo de forma satisfactoria para el cliente.&nbsp;<\/p>\n\n\n\n<p>\u2013 Controlar y prevenir el fraude en cualquiera de sus modalidades, as\u00ed como delitos relacionados con lavado de activos, financiaci\u00f3n del terrorismo, corrupci\u00f3n, y otros.<\/p>\n\n\n\n<p>\u2013 Nuestro sitio web podr\u00e1 recoger informaci\u00f3n personal por ejemplo: Nombre,&nbsp;&nbsp;informaci\u00f3n de contacto como&nbsp;&nbsp;su direcci\u00f3n de correo electr\u00f3nica e informaci\u00f3n demogr\u00e1fica. As\u00ed mismo cuando sea necesario podr\u00e1 ser requerida informaci\u00f3n espec\u00edfica para procesar alg\u00fan pedido o realizar una entrega o facturaci\u00f3n. Los datos de pago ser\u00e1n procesados por la pasarela de pago, y no dejamos ning\u00fan tipo de registro.<\/p>\n\n\n\n<p>Con respecto al registro de informaci\u00f3n en nuestra p\u00e1gina web.<\/p>\n\n\n\n<p>\u2013 La informaci\u00f3n que se recolecta desde nuestro sitio Web es objeto de tratamiento automatizado y es&nbsp;&nbsp;ingresada a nuestras bases de datos, con el fin de facilitar procesos como despachos, devoluciones o garant\u00edas.<\/p>\n\n\n\n<p>\u2013 Los usuarios de la P\u00e1gina Web&nbsp;<a href=\"http:\/\/www.ceoids.com\/\">www.ceoids.com<\/a>&nbsp;podr\u00e1n acceder a su cuenta en cualquier momento, modificar la informaci\u00f3n de contacto, inscribirse o darse de baja en el bolet\u00edn de noticias, sin previo aviso y sin que ello derive en responsabilidad.<\/p>\n\n\n\n<p>\u2013 Como muchos sitios de comercio electr\u00f3nico,&nbsp;&nbsp;utilizamos \u201ccookies\u201d con el fin de ayudarnos a mantener los productos que van agregando al carrito de compras y otras actividades sobre la p\u00e1gina. La informaci\u00f3n que se guarda en Cookies es an\u00f3nima.<\/p>\n\n\n\n<p>\u2013&nbsp;La Empresa NUNCA env\u00eda correos electr\u00f3nicos solicitando datos personales, usuarios o contrase\u00f1as de nuestro Sitio Web, ni informaci\u00f3n financiera (entidad, tarjetas, cuentas o claves). En caso de recibir un correo sospechoso le recomendamos comunicarse con nuestro Oficial de Tratamiento de Datos, e informar lo sucedido (Ver literal 9. Pol\u00edtica de Consultas, Reclamos y Supresiones).<\/p>\n\n\n\n<p>\u2013&nbsp;Es responsabilidad de cada usuario ingresar informaci\u00f3n personal correcta, y mantenerla actualizada.<\/p>\n\n\n\n<p>Los datos de los usuarios ser\u00e1n Tratados \u00fanicamente por&nbsp;<strong>CEO INVESTIGACIONES DIGITALES Y SEGURIDAD SAS<\/strong>&nbsp;&nbsp;en las formas establecidas en esta Pol\u00edtica, de conformidad con lo establecido en la Ley Estatutaria 1581 de 2012.<\/p>\n\n\n\n<p>En ocasiones, puede suceder que en virtud de \u00f3rdenes judiciales o de regulaciones legales, la Empresa deba revelar informaci\u00f3n a las autoridades o terceras partes. Los Titulares reconocen que su autorizaci\u00f3n no ser\u00e1 necesaria, en virtud de la Ley Estatutaria 1581 de 2012, cuando los datos personales sean requeridos por una entidad p\u00fablica o administrativa en ejercicio de sus funciones legales o por orden judicial.<\/p>\n\n\n\n<p>Tambi\u00e9n reconocen los titulares que si la informaci\u00f3n es hackeada o interceptada por terceros no autorizados que quebranten las medidas de seguridad implementadas por&nbsp;<strong>CEO INVESTIGACIONES DIGITALES Y SEGURIDAD SAS<\/strong>&nbsp;&nbsp;para proteger la informaci\u00f3n, \u00e9sta no responder\u00e1 por esa revelaci\u00f3n de informaci\u00f3n.<\/p>\n","protected":false},"excerpt":{"rendered":"<p>De acuerdo a lo dispuesto en la Constituci\u00f3n Pol\u00edtica de Colombia, la Ley 1581 de 2012, el Decreto Reglamentario 1377 de 2013 y dem\u00e1s normas vigentes, se describen las politicas necesarias para el cumplimiento dispuesto por la Ley. Esta pol\u00edtica se aplicar\u00e1 a nuestros diferentes canales: los clientes finales, los clientes Corporativos, los proveedores, intermediarios &hellip;<\/p>\n<p class=\"read-more\"> <a class=\"\" href=\"https:\/\/ceoids.com\/index.php\/politica-de-privacidad\/\"> <span class=\"screen-reader-text\">Pol\u00edtica de privacidad<\/span> Read More &raquo;<\/a><\/p>\n","protected":false},"author":1,"featured_media":0,"parent":0,"menu_order":0,"comment_status":"closed","ping_status":"closed","template":"","meta":{"site-sidebar-layout":"no-sidebar","site-content-layout":"default","ast-site-content-layout":"","site-content-style":"default","site-sidebar-style":"default","ast-global-header-display":"","ast-banner-title-visibility":"","ast-main-header-display":"","ast-hfb-above-header-display":"","ast-hfb-below-header-display":"","ast-hfb-mobile-header-display":"","site-post-title":"","ast-breadcrumbs-content":"","ast-featured-img":"","footer-sml-layout":"","theme-transparent-header-meta":"default","adv-header-id-meta":"","stick-header-meta":"","header-above-stick-meta":"","header-main-stick-meta":"","header-below-stick-meta":"","astra-migrate-meta-layouts":"default","ast-page-background-enabled":"default","ast-page-background-meta":{"desktop":{"background-color":"","background-image":"","background-repeat":"repeat","background-position":"center center","background-size":"auto","background-attachment":"scroll","background-type":"","background-media":"","overlay-type":"","overlay-color":"","overlay-gradient":""},"tablet":{"background-color":"","background-image":"","background-repeat":"repeat","background-position":"center center","background-size":"auto","background-attachment":"scroll","background-type":"","background-media":"","overlay-type":"","overlay-color":"","overlay-gradient":""},"mobile":{"background-color":"","background-image":"","background-repeat":"repeat","background-position":"center center","background-size":"auto","background-attachment":"scroll","background-type":"","background-media":"","overlay-type":"","overlay-color":"","overlay-gradient":""}},"ast-content-background-meta":{"desktop":{"background-color":"var(--ast-global-color-5)","background-image":"","background-repeat":"repeat","background-position":"center center","background-size":"auto","background-attachment":"scroll","background-type":"","background-media":"","overlay-type":"","overlay-color":"","overlay-gradient":""},"tablet":{"background-color":"var(--ast-global-color-5)","background-image":"","background-repeat":"repeat","background-position":"center center","background-size":"auto","background-attachment":"scroll","background-type":"","background-media":"","overlay-type":"","overlay-color":"","overlay-gradient":""},"mobile":{"background-color":"var(--ast-global-color-5)","background-image":"","background-repeat":"repeat","background-position":"center center","background-size":"auto","background-attachment":"scroll","background-type":"","background-media":"","overlay-type":"","overlay-color":"","overlay-gradient":""}},"footnotes":""},"class_list":["post-1154","page","type-page","status-publish","hentry"],"_links":{"self":[{"href":"https:\/\/ceoids.com\/index.php\/wp-json\/wp\/v2\/pages\/1154","targetHints":{"allow":["GET"]}}],"collection":[{"href":"https:\/\/ceoids.com\/index.php\/wp-json\/wp\/v2\/pages"}],"about":[{"href":"https:\/\/ceoids.com\/index.php\/wp-json\/wp\/v2\/types\/page"}],"author":[{"embeddable":true,"href":"https:\/\/ceoids.com\/index.php\/wp-json\/wp\/v2\/users\/1"}],"replies":[{"embeddable":true,"href":"https:\/\/ceoids.com\/index.php\/wp-json\/wp\/v2\/comments?post=1154"}],"version-history":[{"count":2,"href":"https:\/\/ceoids.com\/index.php\/wp-json\/wp\/v2\/pages\/1154\/revisions"}],"predecessor-version":[{"id":1158,"href":"https:\/\/ceoids.com\/index.php\/wp-json\/wp\/v2\/pages\/1154\/revisions\/1158"}],"wp:attachment":[{"href":"https:\/\/ceoids.com\/index.php\/wp-json\/wp\/v2\/media?parent=1154"}],"curies":[{"name":"wp","href":"https:\/\/api.w.org\/{rel}","templated":true}]}}