{"id":342,"date":"2019-03-21T13:32:59","date_gmt":"2019-03-21T13:32:59","guid":{"rendered":"http:\/\/ceoids.com\/index.php\/books\/"},"modified":"2021-03-12T16:08:48","modified_gmt":"2021-03-12T16:08:48","slug":"servicios","status":"publish","type":"page","link":"https:\/\/ceoids.com\/index.php\/servicios\/","title":{"rendered":"Servicios"},"content":{"rendered":"\t\t<div data-elementor-type=\"wp-post\" data-elementor-id=\"342\" class=\"elementor elementor-342\">\n\t\t\t\t\t\t<section class=\"elementor-section elementor-top-section elementor-element elementor-element-71e997b elementor-section-boxed elementor-section-height-default elementor-section-height-default\" data-id=\"71e997b\" data-element_type=\"section\" data-settings=\"{&quot;background_background&quot;:&quot;classic&quot;}\">\n\t\t\t\t\t\t\t<div class=\"elementor-background-overlay\"><\/div>\n\t\t\t\t\t\t\t<div class=\"elementor-container elementor-column-gap-default\">\n\t\t\t\t\t<div class=\"elementor-column elementor-col-100 elementor-top-column elementor-element elementor-element-41acd10\" data-id=\"41acd10\" data-element_type=\"column\">\n\t\t\t<div class=\"elementor-widget-wrap elementor-element-populated\">\n\t\t\t\t\t\t<div class=\"elementor-element elementor-element-61713ca elementor-widget-divider--view-line elementor-widget elementor-widget-divider\" data-id=\"61713ca\" data-element_type=\"widget\" data-widget_type=\"divider.default\">\n\t\t\t\t<div class=\"elementor-widget-container\">\n\t\t\t\t\t<div class=\"elementor-divider\">\n\t\t\t<span class=\"elementor-divider-separator\">\n\t\t\t\t\t\t<\/span>\n\t\t<\/div>\n\t\t\t\t<\/div>\n\t\t\t\t<\/div>\n\t\t\t\t<div class=\"elementor-element elementor-element-ab5e891 elementor-widget elementor-widget-heading\" data-id=\"ab5e891\" data-element_type=\"widget\" data-widget_type=\"heading.default\">\n\t\t\t\t<div class=\"elementor-widget-container\">\n\t\t\t<h2 class=\"elementor-heading-title elementor-size-default\">Servicios<\/h2>\t\t<\/div>\n\t\t\t\t<\/div>\n\t\t\t\t<div class=\"elementor-element elementor-element-859a740 elementor-widget elementor-widget-heading\" data-id=\"859a740\" data-element_type=\"widget\" data-widget_type=\"heading.default\">\n\t\t\t\t<div class=\"elementor-widget-container\">\n\t\t\t<h6 class=\"elementor-heading-title elementor-size-default\"><a href=\"https:\/\/ceoids.com\/index.php\/brochure-interactivo\/\">Brochure Interactivo<\/a><\/h6>\t\t<\/div>\n\t\t\t\t<\/div>\n\t\t\t\t\t<\/div>\n\t\t<\/div>\n\t\t\t\t\t<\/div>\n\t\t<\/section>\n\t\t\t\t<section class=\"elementor-section elementor-top-section elementor-element elementor-element-4e9e9ba elementor-section-boxed elementor-section-height-default elementor-section-height-default\" data-id=\"4e9e9ba\" data-element_type=\"section\" data-settings=\"{&quot;background_background&quot;:&quot;classic&quot;}\">\n\t\t\t\t\t\t\t<div class=\"elementor-background-overlay\"><\/div>\n\t\t\t\t\t\t\t<div class=\"elementor-container elementor-column-gap-default\">\n\t\t\t\t\t<div class=\"elementor-column elementor-col-100 elementor-top-column elementor-element elementor-element-74f9d79\" data-id=\"74f9d79\" data-element_type=\"column\">\n\t\t\t<div class=\"elementor-widget-wrap elementor-element-populated\">\n\t\t\t\t\t\t<div class=\"elementor-element elementor-element-6dc16d3 elementor-position-top elementor-widget elementor-widget-image-box\" data-id=\"6dc16d3\" data-element_type=\"widget\" data-widget_type=\"image-box.default\">\n\t\t\t\t<div class=\"elementor-widget-container\">\n\t\t\t<div class=\"elementor-image-box-wrapper\"><figure class=\"elementor-image-box-img\"><img decoding=\"async\" src=\"https:\/\/ceoids.com\/wp-content\/uploads\/2021\/03\/Icono-forense-1.png\" title=\"Icono forense\" alt=\"Icono forense\" loading=\"lazy\" \/><\/figure><div class=\"elementor-image-box-content\"><h2 class=\"elementor-image-box-title\">Servicios Forenses<\/h2><p class=\"elementor-image-box-description\"><p style=\"text-align: justify;\">En nuestro Laboratorio, se prestan todos los servicios de recolecci&oacute;n, adquisici&oacute;n, preservaci&oacute;n, an&aacute;lisis y presentaci&oacute;n de la evidencia digital, en todas sus formas (Discos Duros, USBs, archivos, logs, paginas web, bases de datos,chats, etc). Utilizando protocolos estandarizados para cada una de las actividades y llevando un control documental para la sustentaci&oacute;n de las acciones realizadas, y futuras sustentaciones en juicio.<\/p>\n<p style=\"text-align: justify;\">Dentro de este servicio podemos realizar las siguientes actividades:<\/p>\n<ul>\n<li><p style=\"text-align: justify;\">Recolecci&oacute;n, Adquisici&oacute;n y preservaci&oacute;n de evidencia digital.<\/li>\n<li><p style=\"text-align: justify;\">Realizaci&oacute;n de im&aacute;genes forense.\n<\/li>\n<li><p style=\"text-align: justify;\"> An&aacute;lisis Forense.\n<\/li>\n<li><p style=\"text-align: justify;\">Dict&aacute;menes forenses.<\/li>\n<li><p style=\"text-align: justify;\">Peritajes Inform&aacute;ticos.<\/li><li><p style=\"text-align: justify;\">Asesor&iacute;as especiales.<\/li>\n<\/ul><\/p><\/div><\/div>\t\t<\/div>\n\t\t\t\t<\/div>\n\t\t\t\t\t<\/div>\n\t\t<\/div>\n\t\t\t\t\t<\/div>\n\t\t<\/section>\n\t\t\t\t<section class=\"elementor-section elementor-top-section elementor-element elementor-element-3bddf00 elementor-section-boxed elementor-section-height-default elementor-section-height-default\" data-id=\"3bddf00\" data-element_type=\"section\" data-settings=\"{&quot;background_background&quot;:&quot;classic&quot;}\">\n\t\t\t\t\t\t\t<div class=\"elementor-background-overlay\"><\/div>\n\t\t\t\t\t\t\t<div class=\"elementor-container elementor-column-gap-default\">\n\t\t\t\t\t<div class=\"elementor-column elementor-col-100 elementor-top-column elementor-element elementor-element-1a91bd4\" data-id=\"1a91bd4\" data-element_type=\"column\">\n\t\t\t<div class=\"elementor-widget-wrap elementor-element-populated\">\n\t\t\t\t\t\t<div class=\"elementor-element elementor-element-0e990fe elementor-position-top elementor-widget elementor-widget-image-box\" data-id=\"0e990fe\" data-element_type=\"widget\" data-widget_type=\"image-box.default\">\n\t\t\t\t<div class=\"elementor-widget-container\">\n\t\t\t<div class=\"elementor-image-box-wrapper\"><figure class=\"elementor-image-box-img\"><img decoding=\"async\" src=\"https:\/\/ceoids.com\/wp-content\/uploads\/2021\/03\/Icono-Abogados2.png\" title=\"Icono Abogados2\" alt=\"Icono Abogados2\" loading=\"lazy\" \/><\/figure><div class=\"elementor-image-box-content\"><h2 class=\"elementor-image-box-title\">Servicios para abogados<\/h2><p class=\"elementor-image-box-description\"><p style=\"text-align: justify;\">Este es un servicio exclusivo para abogados, bufetes de abogados y todas las personas que requieren apoyo y\/o asesor&iacute;a en procesos legales que involucre evidencia digital.&nbsp;<\/p>\n<p style=\"text-align: justify;\">Se ofrecen los siguientes servicios:<\/p>\n<ul>\n<li><p style=\"text-align: justify;\">Apoyo y asesor&iacute;a para la recolecci&oacute;n de evidencia digital.<\/li>\n<li><p style=\"text-align: justify;\">Apoyo en procesos para el manejo de evidencia digital.<\/li>\n<li><p style=\"text-align: justify;\">Apoyo en sustentaci&oacute;n de evidencia digital en juicio.<\/p><\/div><\/div>\t\t<\/div>\n\t\t\t\t<\/div>\n\t\t\t\t\t<\/div>\n\t\t<\/div>\n\t\t\t\t\t<\/div>\n\t\t<\/section>\n\t\t\t\t<section class=\"elementor-section elementor-top-section elementor-element elementor-element-aae6ac5 elementor-section-boxed elementor-section-height-default elementor-section-height-default\" data-id=\"aae6ac5\" data-element_type=\"section\" data-settings=\"{&quot;background_background&quot;:&quot;classic&quot;}\">\n\t\t\t\t\t\t\t<div class=\"elementor-background-overlay\"><\/div>\n\t\t\t\t\t\t\t<div class=\"elementor-container elementor-column-gap-default\">\n\t\t\t\t\t<div class=\"elementor-column elementor-col-100 elementor-top-column elementor-element elementor-element-86191aa\" data-id=\"86191aa\" data-element_type=\"column\">\n\t\t\t<div class=\"elementor-widget-wrap\">\n\t\t\t\t\t\t\t<\/div>\n\t\t<\/div>\n\t\t\t\t\t<\/div>\n\t\t<\/section>\n\t\t\t\t<section class=\"elementor-section elementor-top-section elementor-element elementor-element-385640d elementor-section-boxed elementor-section-height-default elementor-section-height-default\" data-id=\"385640d\" data-element_type=\"section\">\n\t\t\t\t\t\t<div class=\"elementor-container elementor-column-gap-default\">\n\t\t\t\t\t<div class=\"elementor-column elementor-col-100 elementor-top-column elementor-element elementor-element-0908055\" data-id=\"0908055\" data-element_type=\"column\">\n\t\t\t<div class=\"elementor-widget-wrap elementor-element-populated\">\n\t\t\t\t\t\t<div class=\"elementor-element elementor-element-06095a4 elementor-position-top elementor-widget elementor-widget-image-box\" data-id=\"06095a4\" data-element_type=\"widget\" data-widget_type=\"image-box.default\">\n\t\t\t\t<div class=\"elementor-widget-container\">\n\t\t\t<div class=\"elementor-image-box-wrapper\"><figure class=\"elementor-image-box-img\"><img decoding=\"async\" src=\"https:\/\/ceoids.com\/wp-content\/uploads\/2021\/03\/Icono-Laboratorio.png\" title=\"Icono Laboratorio\" alt=\"Icono Laboratorio\" loading=\"lazy\" \/><\/figure><div class=\"elementor-image-box-content\"><h2 class=\"elementor-image-box-title\">Dimensionamiento de laboratorios forenses digitales<\/h2><p class=\"elementor-image-box-description\"><br>Este servicio esta dirigido a todas las organizaciones y\/o empresas que desean instalar capacidades para ofrecer servicios forenses digitales. Logrando estructurar un laboratorio hecho a la medida de las necesidades, con los protocolos y est\u00e1ndares internacionales para el manejo de la evidencia digital.<br><br><br><\/p><\/div><\/div>\t\t<\/div>\n\t\t\t\t<\/div>\n\t\t\t\t\t<\/div>\n\t\t<\/div>\n\t\t\t\t\t<\/div>\n\t\t<\/section>\n\t\t\t\t<section class=\"elementor-section elementor-top-section elementor-element elementor-element-4dcd577 elementor-section-boxed elementor-section-height-default elementor-section-height-default\" data-id=\"4dcd577\" data-element_type=\"section\">\n\t\t\t\t\t\t<div class=\"elementor-container elementor-column-gap-default\">\n\t\t\t\t\t<div class=\"elementor-column elementor-col-100 elementor-top-column elementor-element elementor-element-a98eb23\" data-id=\"a98eb23\" data-element_type=\"column\">\n\t\t\t<div class=\"elementor-widget-wrap elementor-element-populated\">\n\t\t\t\t\t\t<div class=\"elementor-element elementor-element-35746a2 elementor-position-top elementor-widget elementor-widget-image-box\" data-id=\"35746a2\" data-element_type=\"widget\" data-widget_type=\"image-box.default\">\n\t\t\t\t<div class=\"elementor-widget-container\">\n\t\t\t<div class=\"elementor-image-box-wrapper\"><figure class=\"elementor-image-box-img\"><img decoding=\"async\" src=\"https:\/\/ceoids.com\/wp-content\/uploads\/2021\/03\/icono-concientizacion.png\" title=\"icono concientizacion\" alt=\"icono concientizacion\" loading=\"lazy\" \/><\/figure><div class=\"elementor-image-box-content\"><h2 class=\"elementor-image-box-title\">Estrategias de concientizaci\u00f3n y sensibilizaci\u00f3n en ciberseguridad<\/h2><p class=\"elementor-image-box-description\"><br>A trav\u00e9s de diferentes programas dise\u00f1ados de acuerdo con las necesidades de cada organizaci\u00f3n, se logra establecer un plan metodol\u00f3gico que permite impactar al publico objetivo, mejorando la percepci\u00f3n y el entendimiento de los riesgos que hoy d\u00eda tenemos con el uso de la tecnolog\u00eda.<br><br><br><\/p><\/div><\/div>\t\t<\/div>\n\t\t\t\t<\/div>\n\t\t\t\t\t<\/div>\n\t\t<\/div>\n\t\t\t\t\t<\/div>\n\t\t<\/section>\n\t\t\t\t<section class=\"elementor-section elementor-top-section elementor-element elementor-element-0083759 elementor-section-boxed elementor-section-height-default elementor-section-height-default\" data-id=\"0083759\" data-element_type=\"section\">\n\t\t\t\t\t\t<div class=\"elementor-container elementor-column-gap-default\">\n\t\t\t\t\t<div class=\"elementor-column elementor-col-100 elementor-top-column elementor-element elementor-element-ed4a93a\" data-id=\"ed4a93a\" data-element_type=\"column\">\n\t\t\t<div class=\"elementor-widget-wrap elementor-element-populated\">\n\t\t\t\t\t\t<div class=\"elementor-element elementor-element-35159f8 elementor-position-top elementor-widget elementor-widget-image-box\" data-id=\"35159f8\" data-element_type=\"widget\" data-widget_type=\"image-box.default\">\n\t\t\t\t<div class=\"elementor-widget-container\">\n\t\t\t<div class=\"elementor-image-box-wrapper\"><figure class=\"elementor-image-box-img\"><img decoding=\"async\" src=\"https:\/\/ceoids.com\/wp-content\/uploads\/2021\/03\/Icono-Gestion.png\" title=\"Icono Gestion\" alt=\"Icono Gestion\" loading=\"lazy\" \/><\/figure><div class=\"elementor-image-box-content\"><h2 class=\"elementor-image-box-title\">Proceso de Gesti\u00f3n de incidentes de ciberseguridad<\/span><\/h2><p class=\"elementor-image-box-description\"><p style=\"text-align: justify;\">Se ofrece un acompa\u00f1amiento, estructuraci\u00f3n y dise\u00f1o del proceso de gesti\u00f3n de incidentes, an\u00e1lisis de m\u00e9tricas para dimensionar los servicios que se necesiten para la correcta prestaci\u00f3n de estos. <\/p>\n<p style=\"text-align: justify;\">Se ofrecen los siguientes servicios:<\/p>\n<ul>\n<li><p style=\"text-align: justify;\">Identificaci\u00f3n de requerimientos.<\/li>\n<li><p style=\"text-align: justify;\">Plan metodol\u00f3gico.<\/li>\n<li><p style=\"text-align: justify;\">Estandarizaci\u00f3n de procesos.<\/li>\n<li><p style=\"text-align: justify;\">Dimensionamiento de servicios reactivos y proactivos.<\/li>\n<li><p style=\"text-align: justify;\">Puesta en marcha de servicios de incidentes.<\/p><\/div><\/div>\t\t<\/div>\n\t\t\t\t<\/div>\n\t\t\t\t\t<\/div>\n\t\t<\/div>\n\t\t\t\t\t<\/div>\n\t\t<\/section>\n\t\t\t\t<section class=\"elementor-section elementor-top-section elementor-element elementor-element-6798a3f elementor-section-boxed elementor-section-height-default elementor-section-height-default\" data-id=\"6798a3f\" data-element_type=\"section\">\n\t\t\t\t\t\t<div class=\"elementor-container elementor-column-gap-default\">\n\t\t\t\t\t<div class=\"elementor-column elementor-col-100 elementor-top-column elementor-element elementor-element-cab3ed9\" data-id=\"cab3ed9\" data-element_type=\"column\">\n\t\t\t<div class=\"elementor-widget-wrap elementor-element-populated\">\n\t\t\t\t\t\t<div class=\"elementor-element elementor-element-1e63a1e elementor-position-top elementor-widget elementor-widget-image-box\" data-id=\"1e63a1e\" data-element_type=\"widget\" data-widget_type=\"image-box.default\">\n\t\t\t\t<div class=\"elementor-widget-container\">\n\t\t\t<div class=\"elementor-image-box-wrapper\"><figure class=\"elementor-image-box-img\"><img decoding=\"async\" src=\"https:\/\/ceoids.com\/wp-content\/uploads\/2021\/03\/icono-seguridad.png\" title=\"icono seguridad\" alt=\"icono seguridad\" loading=\"lazy\" \/><\/figure><div class=\"elementor-image-box-content\"><h2 class=\"elementor-image-box-title\">Servicios de consultor\u00edas en ciberseguridad<\/h2><p class=\"elementor-image-box-description\"><br>Con este servicio se pretende ayudar en el entendimiento de sus necesidades en temas de ciberseguridad para su organizaci\u00f3n. Donde a trav\u00e9s de una consultor\u00eda especializada podemos identificar todos los elementos necesarios para lograr los objetivos requeridos.  <br><br><br><br><br><br><\/p><\/div><\/div>\t\t<\/div>\n\t\t\t\t<\/div>\n\t\t\t\t\t<\/div>\n\t\t<\/div>\n\t\t\t\t\t<\/div>\n\t\t<\/section>\n\t\t\t\t<\/div>\n\t\t","protected":false},"excerpt":{"rendered":"<p>Servicios Brochure Interactivo Servicios Forenses En nuestro Laboratorio, se prestan todos los servicios de recolecci&oacute;n, adquisici&oacute;n, preservaci&oacute;n, an&aacute;lisis y presentaci&oacute;n de la evidencia digital, en todas sus formas (Discos Duros, USBs, archivos, logs, paginas web, bases de datos,chats, etc). Utilizando protocolos estandarizados para cada una de las actividades y llevando un control documental para la &hellip;<\/p>\n<p class=\"read-more\"> <a class=\"\" href=\"https:\/\/ceoids.com\/index.php\/servicios\/\"> <span class=\"screen-reader-text\">Servicios<\/span> Read More &raquo;<\/a><\/p>\n","protected":false},"author":1,"featured_media":0,"parent":0,"menu_order":0,"comment_status":"closed","ping_status":"closed","template":"elementor_header_footer","meta":{"site-sidebar-layout":"no-sidebar","site-content-layout":"page-builder","ast-site-content-layout":"","site-content-style":"default","site-sidebar-style":"default","ast-global-header-display":"","ast-banner-title-visibility":"","ast-main-header-display":"","ast-hfb-above-header-display":"","ast-hfb-below-header-display":"","ast-hfb-mobile-header-display":"","site-post-title":"disabled","ast-breadcrumbs-content":"","ast-featured-img":"disabled","footer-sml-layout":"","theme-transparent-header-meta":"default","adv-header-id-meta":"","stick-header-meta":"","header-above-stick-meta":"","header-main-stick-meta":"","header-below-stick-meta":"","astra-migrate-meta-layouts":"default","ast-page-background-enabled":"default","ast-page-background-meta":{"desktop":{"background-color":"","background-image":"","background-repeat":"repeat","background-position":"center center","background-size":"auto","background-attachment":"scroll","background-type":"","background-media":"","overlay-type":"","overlay-color":"","overlay-gradient":""},"tablet":{"background-color":"","background-image":"","background-repeat":"repeat","background-position":"center center","background-size":"auto","background-attachment":"scroll","background-type":"","background-media":"","overlay-type":"","overlay-color":"","overlay-gradient":""},"mobile":{"background-color":"","background-image":"","background-repeat":"repeat","background-position":"center center","background-size":"auto","background-attachment":"scroll","background-type":"","background-media":"","overlay-type":"","overlay-color":"","overlay-gradient":""}},"ast-content-background-meta":{"desktop":{"background-color":"var(--ast-global-color-5)","background-image":"","background-repeat":"repeat","background-position":"center center","background-size":"auto","background-attachment":"scroll","background-type":"","background-media":"","overlay-type":"","overlay-color":"","overlay-gradient":""},"tablet":{"background-color":"var(--ast-global-color-5)","background-image":"","background-repeat":"repeat","background-position":"center center","background-size":"auto","background-attachment":"scroll","background-type":"","background-media":"","overlay-type":"","overlay-color":"","overlay-gradient":""},"mobile":{"background-color":"var(--ast-global-color-5)","background-image":"","background-repeat":"repeat","background-position":"center center","background-size":"auto","background-attachment":"scroll","background-type":"","background-media":"","overlay-type":"","overlay-color":"","overlay-gradient":""}},"footnotes":""},"class_list":["post-342","page","type-page","status-publish","hentry"],"_links":{"self":[{"href":"https:\/\/ceoids.com\/index.php\/wp-json\/wp\/v2\/pages\/342","targetHints":{"allow":["GET"]}}],"collection":[{"href":"https:\/\/ceoids.com\/index.php\/wp-json\/wp\/v2\/pages"}],"about":[{"href":"https:\/\/ceoids.com\/index.php\/wp-json\/wp\/v2\/types\/page"}],"author":[{"embeddable":true,"href":"https:\/\/ceoids.com\/index.php\/wp-json\/wp\/v2\/users\/1"}],"replies":[{"embeddable":true,"href":"https:\/\/ceoids.com\/index.php\/wp-json\/wp\/v2\/comments?post=342"}],"version-history":[{"count":43,"href":"https:\/\/ceoids.com\/index.php\/wp-json\/wp\/v2\/pages\/342\/revisions"}],"predecessor-version":[{"id":1213,"href":"https:\/\/ceoids.com\/index.php\/wp-json\/wp\/v2\/pages\/342\/revisions\/1213"}],"wp:attachment":[{"href":"https:\/\/ceoids.com\/index.php\/wp-json\/wp\/v2\/media?parent=342"}],"curies":[{"name":"wp","href":"https:\/\/api.w.org\/{rel}","templated":true}]}}